{"id":103256,"date":"2022-03-18T15:20:42","date_gmt":"2022-03-18T15:20:42","guid":{"rendered":"https:\/\/grappcaib.es\/politica-de-cookies\/"},"modified":"2022-03-18T15:20:42","modified_gmt":"2022-03-18T15:20:42","slug":"politica-de-cookies","status":"publish","type":"page","link":"https:\/\/grappcaib.es\/ca\/politica-de-cookies\/","title":{"rendered":"Pol\u00edtica de cookies"},"content":{"rendered":"<p><strong>Aquesta p\u00e0gina web fa servir galetes?<\/strong><br \/>\nAquesta p\u00e0gina web no utilitza galetes. Tot i aix\u00f2, a la p\u00e0gina de &#8220;Contacte&#8221; es facilita la utilitat de Google Maps, la qual pot tenir acc\u00e9s a la teva ubicaci\u00f3, en cas que li ho permetis, per tal de facilitar-te una major especificitat sobre la dist\u00e0ncia i\/o camins les nostres seus. En aquest sentit, ens remetem a la Pol\u00edtica de Privadesa utilitzada per Google Maps, per tal de con\u00e8ixer l&#8217;\u00fas i el tractament d&#8217;aquestes dades http:\/\/www.google.com\/intl\/en\/policies\/privacy\/<\/p>\n","protected":false},"excerpt":{"rendered":"<p>Aquesta p\u00e0gina web fa servir galetes? Aquesta p\u00e0gina web no utilitza galetes. Tot i aix\u00f2, a la p\u00e0gina de &#8220;Contacte&#8221; [&hellip;]<\/p>\n","protected":false},"author":1,"featured_media":0,"parent":0,"menu_order":0,"comment_status":"closed","ping_status":"closed","template":"","meta":{"footnotes":""},"class_list":["post-103256","page","type-page","status-publish","hentry"],"yoast_head":"<!-- This site is optimized with the Yoast SEO plugin v26.2 - https:\/\/yoast.com\/wordpress\/plugins\/seo\/ -->\n<title>Pol\u00edtica de cookies - GRAPP CAIB<\/title>\n<meta name=\"robots\" content=\"index, follow, max-snippet:-1, max-image-preview:large, max-video-preview:-1\" \/>\n<link rel=\"canonical\" href=\"https:\/\/grappcaib.es\/ca\/politica-de-cookies\/\" \/>\n<meta property=\"og:locale\" content=\"ca_ES\" \/>\n<meta property=\"og:type\" content=\"article\" \/>\n<meta property=\"og:title\" content=\"Pol\u00edtica de cookies - GRAPP CAIB\" \/>\n<meta property=\"og:description\" content=\"Aquesta p\u00e0gina web fa servir galetes? Aquesta p\u00e0gina web no utilitza galetes. Tot i aix\u00f2, a la p\u00e0gina de &#8220;Contacte&#8221; [&hellip;]\" \/>\n<meta property=\"og:url\" content=\"https:\/\/grappcaib.es\/ca\/politica-de-cookies\/\" \/>\n<meta property=\"og:site_name\" content=\"GRAPP CAIB\" \/>\n<meta name=\"twitter:card\" content=\"summary_large_image\" \/>\n<script type=\"application\/ld+json\" class=\"yoast-schema-graph\">{\"@context\":\"https:\/\/schema.org\",\"@graph\":[{\"@type\":\"WebPage\",\"@id\":\"https:\/\/grappcaib.es\/ca\/politica-de-cookies\/\",\"url\":\"https:\/\/grappcaib.es\/ca\/politica-de-cookies\/\",\"name\":\"Pol\u00edtica de cookies - GRAPP CAIB\",\"isPartOf\":{\"@id\":\"https:\/\/grappcaib.es\/ca\/#website\"},\"datePublished\":\"2022-03-18T15:20:42+00:00\",\"breadcrumb\":{\"@id\":\"https:\/\/grappcaib.es\/ca\/politica-de-cookies\/#breadcrumb\"},\"inLanguage\":\"ca\",\"potentialAction\":[{\"@type\":\"ReadAction\",\"target\":[\"https:\/\/grappcaib.es\/ca\/politica-de-cookies\/\"]}]},{\"@type\":\"BreadcrumbList\",\"@id\":\"https:\/\/grappcaib.es\/ca\/politica-de-cookies\/#breadcrumb\",\"itemListElement\":[{\"@type\":\"ListItem\",\"position\":1,\"name\":\"Portada\",\"item\":\"https:\/\/grappcaib.es\/ca\/\"},{\"@type\":\"ListItem\",\"position\":2,\"name\":\"Pol\u00edtica de cookies\"}]},{\"@type\":\"WebSite\",\"@id\":\"https:\/\/grappcaib.es\/ca\/#website\",\"url\":\"https:\/\/grappcaib.es\/ca\/\",\"name\":\"GRAPP CAIB\",\"description\":\"GRAPP CAIB\",\"potentialAction\":[{\"@type\":\"SearchAction\",\"target\":{\"@type\":\"EntryPoint\",\"urlTemplate\":\"https:\/\/grappcaib.es\/ca\/?s={search_term_string}\"},\"query-input\":{\"@type\":\"PropertyValueSpecification\",\"valueRequired\":true,\"valueName\":\"search_term_string\"}}],\"inLanguage\":\"ca\"}]}<\/script>\n<!-- \/ Yoast SEO plugin. -->","yoast_head_json":{"title":"Pol\u00edtica de cookies - GRAPP CAIB","robots":{"index":"index","follow":"follow","max-snippet":"max-snippet:-1","max-image-preview":"max-image-preview:large","max-video-preview":"max-video-preview:-1"},"canonical":"https:\/\/grappcaib.es\/ca\/politica-de-cookies\/","og_locale":"ca_ES","og_type":"article","og_title":"Pol\u00edtica de cookies - GRAPP CAIB","og_description":"Aquesta p\u00e0gina web fa servir galetes? Aquesta p\u00e0gina web no utilitza galetes. Tot i aix\u00f2, a la p\u00e0gina de &#8220;Contacte&#8221; [&hellip;]","og_url":"https:\/\/grappcaib.es\/ca\/politica-de-cookies\/","og_site_name":"GRAPP CAIB","twitter_card":"summary_large_image","schema":{"@context":"https:\/\/schema.org","@graph":[{"@type":"WebPage","@id":"https:\/\/grappcaib.es\/ca\/politica-de-cookies\/","url":"https:\/\/grappcaib.es\/ca\/politica-de-cookies\/","name":"Pol\u00edtica de cookies - GRAPP CAIB","isPartOf":{"@id":"https:\/\/grappcaib.es\/ca\/#website"},"datePublished":"2022-03-18T15:20:42+00:00","breadcrumb":{"@id":"https:\/\/grappcaib.es\/ca\/politica-de-cookies\/#breadcrumb"},"inLanguage":"ca","potentialAction":[{"@type":"ReadAction","target":["https:\/\/grappcaib.es\/ca\/politica-de-cookies\/"]}]},{"@type":"BreadcrumbList","@id":"https:\/\/grappcaib.es\/ca\/politica-de-cookies\/#breadcrumb","itemListElement":[{"@type":"ListItem","position":1,"name":"Portada","item":"https:\/\/grappcaib.es\/ca\/"},{"@type":"ListItem","position":2,"name":"Pol\u00edtica de cookies"}]},{"@type":"WebSite","@id":"https:\/\/grappcaib.es\/ca\/#website","url":"https:\/\/grappcaib.es\/ca\/","name":"GRAPP CAIB","description":"GRAPP CAIB","potentialAction":[{"@type":"SearchAction","target":{"@type":"EntryPoint","urlTemplate":"https:\/\/grappcaib.es\/ca\/?s={search_term_string}"},"query-input":{"@type":"PropertyValueSpecification","valueRequired":true,"valueName":"search_term_string"}}],"inLanguage":"ca"}]}},"_hostinger_reach_plugin_has_subscription_block":false,"_hostinger_reach_plugin_is_elementor":false,"_links":{"self":[{"href":"https:\/\/grappcaib.es\/ca\/wp-json\/wp\/v2\/pages\/103256","targetHints":{"allow":["GET"]}}],"collection":[{"href":"https:\/\/grappcaib.es\/ca\/wp-json\/wp\/v2\/pages"}],"about":[{"href":"https:\/\/grappcaib.es\/ca\/wp-json\/wp\/v2\/types\/page"}],"author":[{"embeddable":true,"href":"https:\/\/grappcaib.es\/ca\/wp-json\/wp\/v2\/users\/1"}],"replies":[{"embeddable":true,"href":"https:\/\/grappcaib.es\/ca\/wp-json\/wp\/v2\/comments?post=103256"}],"version-history":[{"count":0,"href":"https:\/\/grappcaib.es\/ca\/wp-json\/wp\/v2\/pages\/103256\/revisions"}],"wp:attachment":[{"href":"https:\/\/grappcaib.es\/ca\/wp-json\/wp\/v2\/media?parent=103256"}],"curies":[{"name":"wp","href":"https:\/\/api.w.org\/{rel}","templated":true}]}}