{"id":103269,"date":"2022-02-16T06:50:59","date_gmt":"2022-02-16T06:50:59","guid":{"rendered":"https:\/\/grappcaib.es\/avis-legal\/"},"modified":"2022-02-16T06:50:59","modified_gmt":"2022-02-16T06:50:59","slug":"avis-legal","status":"publish","type":"page","link":"https:\/\/grappcaib.es\/ca\/avis-legal\/","title":{"rendered":"Av\u00eds legal"},"content":{"rendered":"<p><strong>1. Identificaci\u00f3 i contacte del propietari de la web.<\/strong><br \/>\nwww.idisba.es (d&#8217;ara endavant la web), \u00e9s propietat de la Fundaci\u00f3 Institut d&#8217;Investigaci\u00f3 Sanit\u00e0ria Illes Balears (IdISBa) (d&#8217;ara endavant el Titular) amb domicili a Crta. Valldemossa, 79 (Hospital Universitari Son Espases), Edifici S, 1\u00aa planta. 07010 Palma, amb CIF G57326324, tel\u00e8fon (+34) 871 20 52 34 i correu electr\u00f2nic idisba.info@ssib.es.<\/p>\n<p>Altres dades del propietari:<br \/>\nDades registrals (N\u00fam. Registre \u00danic de Fundacions de les Illes Balears): 100000000220<\/p>\n<p><strong>2. \u00c0mbit d&#8217;aplicaci\u00f3.<\/strong><br \/>\nLa navegaci\u00f3 pel lloc web del Titular implica assumir la condici\u00f3 d&#8217;usuari i l&#8217;acceptaci\u00f3 absoluta del que es manifesta en aquest Av\u00eds Legal.<\/p>\n<p><strong>3. Edat.<\/strong><br \/>\nAl nostre web no tractam dades de menors de catorze anys.<\/p>\n<p><strong>4. Propietat intel\u00b7lectual o industrial.<\/strong><br \/>\nEls continguts de la web, per exemple textos, imatges, gr\u00e0fics o codi font, estan protegits per drets de propietat intel\u00b7lectual i industrial.<br \/>\nAquests continguts no podran ser, per exemple, reprodu\u00efts o transformats sense el perm\u00eds previ i expl\u00edcit del Titular. Els usuaris poden accedir als continguts i realitzar c\u00f2pies privades autoritzades sempre que els elements reprodu\u00efts no siguin cedits posteriorment a tercers, ni s&#8217;instal\u00b7lin en servidors en xarxa, ni siguin objecte de cap tipus d&#8217;explotaci\u00f3.<\/p>\n<p><strong>5. Normes comunes d&#8217;\u00fas de la web.<\/strong><br \/>\nL&#8217;usuari es compromet a fer un \u00fas de la web d&#8217;acord amb les seg\u00fcents normes:<\/p>\n<ul>\n<li>No publicar\u00e0 comunicacions comercials a trav\u00e9s del lloc web.<\/li>\n<li>No recopilar\u00e0 contingut o informaci\u00f3 d&#8217;altres usuaris.<\/li>\n<li>No carregar\u00e0 virus ni codi malici\u00f3s de cap tipus.<\/li>\n<li>No sol\u00b7licitar\u00e0 informaci\u00f3 d&#8217;inici de sessi\u00f3 ni accedir\u00e0 a una compte pertanyent a un altre usuari.<\/li>\n<li>No realitzar\u00e0 actes il\u00b7l\u00edcits, enganyosos, malintencionats o discriminatoris al lloc web, d&#8217;acord amb aquestes condicions i amb l&#8217;ordenament jur\u00eddic espanyol.<\/li>\n<li>En general, no realitzar\u00e0 actes que suposin danys o lesions dels drets de tercers.<\/li>\n<\/ul>\n<p>El Titular podr\u00e0 eliminar qualsevol contingut o suspendre el servei si, segons el seu propi criteri, incompleix qualsevol de les normes i obligacions descrites en aquest Av\u00eds Legal.<\/p>\n<p>Per a qualsevol consulta o aclariment sobre aquestes normes, pot contactar amb nosaltres per correu electr\u00f2nic.<\/p>\n<p><strong>6. Enlla\u00e7os i limitaci\u00f3 de responsabilitat.<\/strong><br \/>\nL&#8217;establiment d&#8217;un enlla\u00e7 no implica en cap cas l&#8217;exist\u00e8ncia de relacions entre el Titular i el propietari del lloc web en qu\u00e8 s&#8217;estableixi, ni l&#8217;acceptaci\u00f3 i aprovaci\u00f3 per part del Titular dels seus continguts o serveis. Aquelles persones que es proposin establir un hiperenlla\u00e7, pr\u00e8viament hauran de sol\u00b7licitar autoritzaci\u00f3 per escrit al Titular. En tot cas, l&#8217;hiperenlla\u00e7 \u00fanicament permetr\u00e0 l&#8217;acc\u00e9s a la p\u00e0gina d&#8217;inici del nostre lloc web. Aix\u00ed mateix, s&#8217;haur\u00e0 d&#8217;abstenir de realitzar manifestacions o indicacions falses, inexactes o incorrectes sobre el Titular, o d&#8217;incloure continguts il\u00b7legals, contraris als bons costums i a l&#8217;ordre p\u00fablic.<\/p>\n<p>El Titular no es responsabilitza de l&#8217;\u00fas que cada usuari faci dels materials posats a disposici\u00f3 en aquest lloc web ni de les actuacions que realitzi sobre la base d&#8217;aquests. El contingut de la web \u00e9s de car\u00e0cter general i merament informatiu.<\/p>\n<p>El Titular no assumir\u00e0 responsabilitat pel contingut o funcionament de webs de tercers als quals l&#8217;usuari del lloc web pugui accedir mitjan\u00e7ant qualsevol tipus d&#8217;enlla\u00e7.<\/p>\n<p>El Titular declina qualsevol responsabilitat, fins on permeti l&#8217;ordenament jur\u00eddic, pels danys i perjudicis derivats de la pres\u00e8ncia de virus, de les actuacions de tercers que vulnerin drets de propietat, d&#8217;honor, d&#8217;intimitat o sobre publicitat il\u00b7legal.<\/p>\n<p>Si algun usuari o tercer considera que a la web s&#8217;est\u00e0 cometent algun il\u00b7l\u00edcit de qualsevol tipus, ha de remetre una comunicaci\u00f3 al Titular a l&#8217;adre\u00e7a de correu electr\u00f2nic que apareix en les nostres dades identificatives. Haur\u00e0 d&#8217;identificar-se degudament, especificant els fets que denuncia.<\/p>\n<p><strong>7. Privacitat.<\/strong><br \/>\nSi a la web es recullen dades personals, el Titular ser\u00e0 responsable d&#8217;aquestes i les tractar\u00e0 amb absoluta confidencialitat i seguretat. Podr\u00e0 trobar m\u00e9s informaci\u00f3 a la nostra pol\u00edtica de privacitat i cookies.<\/p>\n<p><strong>8. Modificacions.<\/strong><br \/>\nEl Titular es reserva el dret de realitzar les modificacions que consideri oportunes, sense av\u00eds previ, en el contingut del seu lloc web. Tant pel que fa als continguts del lloc web, com a les condicions d&#8217;\u00fas d&#8217;aquest, o a les condicions generals de contractaci\u00f3. Aquestes modificacions podran realitzar-se a trav\u00e9s del seu lloc web per qualsevol forma admissible en dret i seran d&#8217;obligat compliment durant el temps en qu\u00e8 es trobin publicades al lloc web i fins que no siguin modificades v\u00e0lidament per altres posteriors.<\/p>\n<p><strong>9. Legislaci\u00f3 aplicable, soluci\u00f3 de q\u00fcestions controvertides i f\u00f2rum competent.<\/strong><br \/>\nL&#8217;\u00fas de la web es regir\u00e0 per la legislaci\u00f3 espanyola. Qualsevol controv\u00e8rsia que sorgiu o tingui relaci\u00f3 amb l&#8217;\u00fas de la web ser\u00e0 sotmesa a la jurisdicci\u00f3 no exclusiva dels Jutjats i Tribunals del municipi on radica el domicili social del Titular.<\/p>\n<p><strong>10. Pol\u00edtica de devolucions.<\/strong><br \/>\nAls usuaris de l&#8217;apartat &#8220;Donacions&#8221;, els resulta d&#8217;aplicaci\u00f3 la seg\u00fcent pol\u00edtica de devoluci\u00f3:<\/p>\n<ul>\n<li>L&#8217;usuari t\u00e9 dret a la devoluci\u00f3 de l&#8217;import de la donaci\u00f3 d&#8217;acord amb les lleis i normatives vigents dels serveis de pagament.<\/li>\n<li>Les cancel\u00b7lacions s&#8217;han d&#8217;informar per escrit, enviant un correu electr\u00f2nic a idisba.donacions@ssib.es.<\/li>\n<li>No s&#8217;accepten cancel\u00b7lacions informades per cap altra via. En aquest correu electr\u00f2nic han de constar totes les dades de la inscripci\u00f3, incloent-hi concepte de l&#8217;aportaci\u00f3 realitzada, nom i cognoms del donant, data i import de l&#8217;operaci\u00f3.<\/li>\n<\/ul>\n<p><strong>11. Uso de im\u00e1genes.<br \/>\n<\/strong>Las im\u00e1genes mostradas en esta web son de creaci\u00f3n propia o descargadas de repositorios gratuitos de im\u00e1genes. La majoria de les imatges de repositoris gratu\u00efts han estat obtingudes de Freepik (www.freepik.com).<\/p>\n","protected":false},"excerpt":{"rendered":"<p>1. Identificaci\u00f3 i contacte del propietari de la web. www.idisba.es (d&#8217;ara endavant la web), \u00e9s propietat de la Fundaci\u00f3 Institut [&hellip;]<\/p>\n","protected":false},"author":1,"featured_media":0,"parent":0,"menu_order":0,"comment_status":"closed","ping_status":"closed","template":"","meta":{"footnotes":""},"class_list":["post-103269","page","type-page","status-publish","hentry"],"yoast_head":"<!-- This site is optimized with the Yoast SEO plugin v26.2 - https:\/\/yoast.com\/wordpress\/plugins\/seo\/ -->\n<title>Av\u00eds legal - GRAPP CAIB<\/title>\n<meta name=\"robots\" content=\"index, follow, max-snippet:-1, max-image-preview:large, max-video-preview:-1\" \/>\n<link rel=\"canonical\" href=\"https:\/\/grappcaib.es\/ca\/avis-legal\/\" \/>\n<meta property=\"og:locale\" content=\"ca_ES\" \/>\n<meta property=\"og:type\" content=\"article\" \/>\n<meta property=\"og:title\" content=\"Av\u00eds legal - GRAPP CAIB\" \/>\n<meta property=\"og:description\" content=\"1. Identificaci\u00f3 i contacte del propietari de la web. www.idisba.es (d&#8217;ara endavant la web), \u00e9s propietat de la Fundaci\u00f3 Institut [&hellip;]\" \/>\n<meta property=\"og:url\" content=\"https:\/\/grappcaib.es\/ca\/avis-legal\/\" \/>\n<meta property=\"og:site_name\" content=\"GRAPP CAIB\" \/>\n<meta name=\"twitter:card\" content=\"summary_large_image\" \/>\n<meta name=\"twitter:label1\" content=\"Temps estimat de lectura\" \/>\n\t<meta name=\"twitter:data1\" content=\"5 minuts\" \/>\n<script type=\"application\/ld+json\" class=\"yoast-schema-graph\">{\"@context\":\"https:\/\/schema.org\",\"@graph\":[{\"@type\":\"WebPage\",\"@id\":\"https:\/\/grappcaib.es\/ca\/avis-legal\/\",\"url\":\"https:\/\/grappcaib.es\/ca\/avis-legal\/\",\"name\":\"Av\u00eds legal - GRAPP CAIB\",\"isPartOf\":{\"@id\":\"https:\/\/grappcaib.es\/ca\/#website\"},\"datePublished\":\"2022-02-16T06:50:59+00:00\",\"breadcrumb\":{\"@id\":\"https:\/\/grappcaib.es\/ca\/avis-legal\/#breadcrumb\"},\"inLanguage\":\"ca\",\"potentialAction\":[{\"@type\":\"ReadAction\",\"target\":[\"https:\/\/grappcaib.es\/ca\/avis-legal\/\"]}]},{\"@type\":\"BreadcrumbList\",\"@id\":\"https:\/\/grappcaib.es\/ca\/avis-legal\/#breadcrumb\",\"itemListElement\":[{\"@type\":\"ListItem\",\"position\":1,\"name\":\"Portada\",\"item\":\"https:\/\/grappcaib.es\/ca\/\"},{\"@type\":\"ListItem\",\"position\":2,\"name\":\"Av\u00eds legal\"}]},{\"@type\":\"WebSite\",\"@id\":\"https:\/\/grappcaib.es\/ca\/#website\",\"url\":\"https:\/\/grappcaib.es\/ca\/\",\"name\":\"GRAPP CAIB\",\"description\":\"GRAPP CAIB\",\"potentialAction\":[{\"@type\":\"SearchAction\",\"target\":{\"@type\":\"EntryPoint\",\"urlTemplate\":\"https:\/\/grappcaib.es\/ca\/?s={search_term_string}\"},\"query-input\":{\"@type\":\"PropertyValueSpecification\",\"valueRequired\":true,\"valueName\":\"search_term_string\"}}],\"inLanguage\":\"ca\"}]}<\/script>\n<!-- \/ Yoast SEO plugin. -->","yoast_head_json":{"title":"Av\u00eds legal - GRAPP CAIB","robots":{"index":"index","follow":"follow","max-snippet":"max-snippet:-1","max-image-preview":"max-image-preview:large","max-video-preview":"max-video-preview:-1"},"canonical":"https:\/\/grappcaib.es\/ca\/avis-legal\/","og_locale":"ca_ES","og_type":"article","og_title":"Av\u00eds legal - GRAPP CAIB","og_description":"1. Identificaci\u00f3 i contacte del propietari de la web. www.idisba.es (d&#8217;ara endavant la web), \u00e9s propietat de la Fundaci\u00f3 Institut [&hellip;]","og_url":"https:\/\/grappcaib.es\/ca\/avis-legal\/","og_site_name":"GRAPP CAIB","twitter_card":"summary_large_image","twitter_misc":{"Temps estimat de lectura":"5 minuts"},"schema":{"@context":"https:\/\/schema.org","@graph":[{"@type":"WebPage","@id":"https:\/\/grappcaib.es\/ca\/avis-legal\/","url":"https:\/\/grappcaib.es\/ca\/avis-legal\/","name":"Av\u00eds legal - GRAPP CAIB","isPartOf":{"@id":"https:\/\/grappcaib.es\/ca\/#website"},"datePublished":"2022-02-16T06:50:59+00:00","breadcrumb":{"@id":"https:\/\/grappcaib.es\/ca\/avis-legal\/#breadcrumb"},"inLanguage":"ca","potentialAction":[{"@type":"ReadAction","target":["https:\/\/grappcaib.es\/ca\/avis-legal\/"]}]},{"@type":"BreadcrumbList","@id":"https:\/\/grappcaib.es\/ca\/avis-legal\/#breadcrumb","itemListElement":[{"@type":"ListItem","position":1,"name":"Portada","item":"https:\/\/grappcaib.es\/ca\/"},{"@type":"ListItem","position":2,"name":"Av\u00eds legal"}]},{"@type":"WebSite","@id":"https:\/\/grappcaib.es\/ca\/#website","url":"https:\/\/grappcaib.es\/ca\/","name":"GRAPP CAIB","description":"GRAPP CAIB","potentialAction":[{"@type":"SearchAction","target":{"@type":"EntryPoint","urlTemplate":"https:\/\/grappcaib.es\/ca\/?s={search_term_string}"},"query-input":{"@type":"PropertyValueSpecification","valueRequired":true,"valueName":"search_term_string"}}],"inLanguage":"ca"}]}},"_hostinger_reach_plugin_has_subscription_block":false,"_hostinger_reach_plugin_is_elementor":false,"_links":{"self":[{"href":"https:\/\/grappcaib.es\/ca\/wp-json\/wp\/v2\/pages\/103269","targetHints":{"allow":["GET"]}}],"collection":[{"href":"https:\/\/grappcaib.es\/ca\/wp-json\/wp\/v2\/pages"}],"about":[{"href":"https:\/\/grappcaib.es\/ca\/wp-json\/wp\/v2\/types\/page"}],"author":[{"embeddable":true,"href":"https:\/\/grappcaib.es\/ca\/wp-json\/wp\/v2\/users\/1"}],"replies":[{"embeddable":true,"href":"https:\/\/grappcaib.es\/ca\/wp-json\/wp\/v2\/comments?post=103269"}],"version-history":[{"count":0,"href":"https:\/\/grappcaib.es\/ca\/wp-json\/wp\/v2\/pages\/103269\/revisions"}],"wp:attachment":[{"href":"https:\/\/grappcaib.es\/ca\/wp-json\/wp\/v2\/media?parent=103269"}],"curies":[{"name":"wp","href":"https:\/\/api.w.org\/{rel}","templated":true}]}}