{"id":103397,"date":"2021-12-26T10:38:26","date_gmt":"2021-12-26T10:38:26","guid":{"rendered":"https:\/\/grappcaib.es\/contacte\/"},"modified":"2025-01-15T14:59:40","modified_gmt":"2025-01-15T14:59:40","slug":"contacte","status":"publish","type":"page","link":"https:\/\/grappcaib.es\/ca\/contacte\/","title":{"rendered":"Contacte"},"content":{"rendered":"<p>[vc_row row_height_percent=&#8221;0&#8243; override_padding=&#8221;yes&#8221; h_padding=&#8221;2&#8243; top_padding=&#8221;3&#8243; bottom_padding=&#8221;2&#8243; back_color=&#8221;color-wayh&#8221; overlay_alpha=&#8221;50&#8243; gutter_size=&#8221;3&#8243; column_width_percent=&#8221;100&#8243; shift_y=&#8221;0&#8243; z_index=&#8221;0&#8243; front_end_with_slider=&#8221;true&#8221; uncode_shortcode_id=&#8221;107193&#8243; back_color_type=&#8221;uncode-palette&#8221;][vc_column column_width_percent=&#8221;100&#8243; position_vertical=&#8221;bottom&#8221; gutter_size=&#8221;3&#8243; style=&#8221;dark&#8221; overlay_alpha=&#8221;50&#8243; shift_x=&#8221;0&#8243; shift_y=&#8221;0&#8243; shift_y_down=&#8221;0&#8243; z_index=&#8221;0&#8243; medium_width=&#8221;0&#8243; mobile_width=&#8221;0&#8243; zoom_width=&#8221;0&#8243; zoom_height=&#8221;0&#8243; width=&#8221;1\/1&#8243;][uncode_slider slider_interval=&#8221;0&#8243; slider_navspeed=&#8221;0&#8243; slider_hide_arrows=&#8221;yes&#8221; slider_hide_dots=&#8221;yes&#8221; slider_dot_align=&#8221;left&#8221;][vc_row_inner row_inner_height_percent=&#8221;0&#8243; back_color=&#8221;color-wayh&#8221; back_image=&#8221;100998&#8243; back_position=&#8221;center bottom&#8221; parallax=&#8221;yes&#8221; kburns=&#8221;yes&#8221; overlay_color=&#8221;color-wayh&#8221; overlay_alpha=&#8221;40&#8243; gutter_size=&#8221;4&#8243; shift_y=&#8221;0&#8243; z_index=&#8221;0&#8243; limit_content=&#8221;yes&#8221; front_end_with_slider=&#8221;true&#8221; uncode_shortcode_id=&#8221;208168&#8243; back_color_type=&#8221;uncode-palette&#8221; overlay_color_type=&#8221;uncode-palette&#8221;][vc_column_inner column_width_use_pixel=&#8221;yes&#8221; position_horizontal=&#8221;left&#8221; position_vertical=&#8221;bottom&#8221; gutter_size=&#8221;3&#8243; style=&#8221;dark&#8221; overlay_alpha=&#8221;50&#8243; shift_x=&#8221;0&#8243; shift_y=&#8221;0&#8243; shift_y_down=&#8221;0&#8243; z_index=&#8221;0&#8243; medium_width=&#8221;0&#8243; mobile_width=&#8221;0&#8243; css_animation=&#8221;right-t-left&#8221; animation_delay=&#8221;600&#8243; zoom_width=&#8221;0&#8243; zoom_height=&#8221;0&#8243; width=&#8221;1\/1&#8243; column_width_pixel=&#8221;830&#8243; uncode_shortcode_id=&#8221;178101&#8243;][vc_custom_heading heading_semantic=&#8221;h1&#8243; text_size=&#8221;h1&#8243; text_weight=&#8221;400&#8243; uncode_shortcode_id=&#8221;201833&#8243;]P\u00e0gina de contacte[\/vc_custom_heading][vc_custom_heading text_size=&#8221;h4&#8243; text_weight=&#8221;300&#8243; text_height=&#8221;fontheight-357766&#8243; uncode_shortcode_id=&#8221;912529&#8243;]No dubtis en contactar amb nosaltres en temes relatius a la nostra feina de recerca. Intentarem respondre com m\u00e9s aviat millor.[\/vc_custom_heading][vc_empty_space empty_h=&#8221;2&#8243;][\/vc_column_inner][\/vc_row_inner][\/uncode_slider][\/vc_column][\/vc_row][vc_row row_height_percent=&#8221;0&#8243; override_padding=&#8221;yes&#8221; h_padding=&#8221;2&#8243; top_padding=&#8221;3&#8243; bottom_padding=&#8221;0&#8243; back_color=&#8221;color-gyho&#8221; overlay_alpha=&#8221;50&#8243; equal_height=&#8221;yes&#8221; gutter_size=&#8221;4&#8243; column_width_percent=&#8221;100&#8243; shift_y=&#8221;0&#8243; z_index=&#8221;0&#8243; uncode_shortcode_id=&#8221;160346&#8243; back_color_type=&#8221;uncode-palette&#8221;][vc_column column_width_percent=&#8221;100&#8243; position_vertical=&#8221;middle&#8221; gutter_size=&#8221;3&#8243; override_padding=&#8221;yes&#8221; column_padding=&#8221;3&#8243; back_color=&#8221;color-xsdn&#8221; overlay_alpha=&#8221;50&#8243; preserve_border=&#8221;yes&#8221; preserve_border_tablet=&#8221;yes&#8221; shift_x=&#8221;0&#8243; shift_y=&#8221;0&#8243; shift_y_down=&#8221;0&#8243; z_index=&#8221;0&#8243; medium_width=&#8221;4&#8243; mobile_width=&#8221;0&#8243; width=&#8221;1\/2&#8243; uncode_shortcode_id=&#8221;205131&#8243; back_color_type=&#8221;uncode-palette&#8221;][vc_custom_heading text_size=&#8221;h4&#8243; text_weight=&#8221;400&#8243; text_height=&#8221;fontheight-357766&#8243; uncode_shortcode_id=&#8221;782249&#8243;]Contacte r\u00e0pid[\/vc_custom_heading][vc_custom_heading heading_semantic=&#8221;p&#8221; text_size=&#8221;h5&#8243; text_weight=&#8221;300&#8243; text_height=&#8221;fontheight-357766&#8243; text_space=&#8221;fontspace-781688&#8243; uncode_shortcode_id=&#8221;202302&#8243;]Completa i envia el seg\u00fcent formulari i respondrem la teva consulta al m\u00e9s aviat possible.[\/vc_custom_heading]\n<div class=\"wpcf7 no-js\" id=\"wpcf7-f103457-o1\" lang=\"es-ES\" dir=\"ltr\" data-wpcf7-id=\"103457\">\n<div class=\"screen-reader-response\"><p role=\"status\" aria-live=\"polite\" aria-atomic=\"true\"><\/p> <ul><\/ul><\/div>\n<form action=\"\/ca\/wp-json\/wp\/v2\/pages\/103397#wpcf7-f103457-o1\" method=\"post\" class=\"wpcf7-form init input-background\" aria-label=\"Formulario de contacto\" novalidate=\"novalidate\" data-status=\"init\">\n<fieldset class=\"hidden-fields-container\"><input type=\"hidden\" name=\"_wpcf7\" value=\"103457\" \/><input type=\"hidden\" name=\"_wpcf7_version\" value=\"6.1.5\" \/><input type=\"hidden\" name=\"_wpcf7_locale\" value=\"es_ES\" \/><input type=\"hidden\" name=\"_wpcf7_unit_tag\" value=\"wpcf7-f103457-o1\" \/><input type=\"hidden\" name=\"_wpcf7_container_post\" value=\"0\" \/><input type=\"hidden\" name=\"_wpcf7_posted_data_hash\" value=\"\" \/>\n<\/fieldset>\n<div class=\"myForm\">\n\t<div>\n\t\t<p><span class=\"wpcf7-form-control-wrap\" data-name=\"nombre-apellidos\"><input size=\"40\" maxlength=\"400\" class=\"wpcf7-form-control wpcf7-text wpcf7-validates-as-required form-fluid\" aria-required=\"true\" aria-invalid=\"false\" placeholder=\"Nom i cognoms*\" value=\"\" type=\"text\" name=\"nombre-apellidos\" \/><\/span>\n\t\t<\/p>\n\t<\/div>\n\t<div>\n\t\t<p><span class=\"wpcf7-form-control-wrap\" data-name=\"mail-user\"><input size=\"40\" maxlength=\"400\" class=\"wpcf7-form-control wpcf7-email wpcf7-validates-as-required wpcf7-text wpcf7-validates-as-email form-fluid\" aria-required=\"true\" aria-invalid=\"false\" placeholder=\"Email*\" value=\"\" type=\"email\" name=\"mail-user\" \/><\/span>\n\t\t<\/p>\n\t<\/div>\n\t<div>\n\t\t<p><span class=\"wpcf7-form-control-wrap\" data-name=\"telefono\"><input size=\"40\" maxlength=\"400\" class=\"wpcf7-form-control wpcf7-tel wpcf7-text wpcf7-validates-as-tel\" aria-invalid=\"false\" placeholder=\"Tel\u00e8fon\" value=\"\" type=\"tel\" name=\"telefono\" \/><\/span>\n\t\t<\/p>\n\t<\/div>\n\t<div>\n\t\t<p><span class=\"wpcf7-form-control-wrap\" data-name=\"mensaje\"><textarea cols=\"40\" rows=\"8\" maxlength=\"2000\" class=\"wpcf7-form-control wpcf7-textarea\" aria-invalid=\"false\" placeholder=\"Missatge\" name=\"mensaje\"><\/textarea><\/span>\n\t\t<\/p>\n\t<\/div>\n\t<div class=\"infoAccept\">\n\t\t<p>Les dades de car\u00e0cter personal que constin a la consulta seran tractades amb l'\u00fanica finalitat d'atendre les teves sol\u00b7licituds, peticions o consultes rebudes des del web, mitjan\u00e7ant correu electr\u00f2nic o telef\u00f2nic, donar resposta a la teva sol\u00b7licitud i fer-ne un seguiment posterior. \u00e9s el teu consentiment. Les teves dades no seran cedides a tercers.\n\t\t<\/p>\n\t<\/div>\n\t<div class=\"accept\">\n\t\t<p><span class=\"wpcf7-form-control-wrap\" data-name=\"acceptance-351\"><span class=\"wpcf7-form-control wpcf7-acceptance\"><span class=\"wpcf7-list-item\"><label><input type=\"checkbox\" name=\"acceptance-351\" value=\"1\" aria-invalid=\"false\" \/><span class=\"wpcf7-list-item-label\">He llegit i accepto els <a href=\"\/politica-privacidad\/\" target=\"_blank\">termes i condicions<\/a><\/span><\/label><\/span><\/span><\/span>\n\t\t<\/p>\n\t<\/div>\n<\/div>\n<div>\n\t<div id=\"cf7sr-69d76e2724a23\" class=\"cf7sr-g-recaptcha\" data-sitekey=\"6LdE8z4pAAAAAASlmzPYHB4voPOc1JjW1TZXODKx\"><\/div><span class=\"wpcf7-form-control-wrap cf7sr-recaptcha\" data-name=\"cf7sr-recaptcha\"><input type=\"hidden\" name=\"cf7sr-recaptcha\" value=\"\" class=\"wpcf7-form-control\"><\/span>\n\t<\/p>\n<\/div>\n<div class=\"myFormButton\">\n\t<p><input class=\"wpcf7-form-control wpcf7-submit has-spinner btn btn-accent btn-lg\" type=\"submit\" value=\"Enviar missatge\" \/>\n\t<\/p>\n<\/div><div class=\"wpcf7-response-output\" aria-hidden=\"true\"><\/div>\n<\/form>\n<\/div>\n[\/vc_column][vc_column column_width_percent=&#8221;100&#8243; position_vertical=&#8221;middle&#8221; gutter_size=&#8221;2&#8243; overlay_alpha=&#8221;50&#8243; preserve_border=&#8221;yes&#8221; preserve_border_tablet=&#8221;yes&#8221; shift_x=&#8221;0&#8243; shift_y=&#8221;0&#8243; shift_y_down=&#8221;0&#8243; z_index=&#8221;0&#8243; medium_width=&#8221;4&#8243; mobile_width=&#8221;0&#8243; width=&#8221;1\/2&#8243; uncode_shortcode_id=&#8221;587012&#8243;][vc_custom_heading text_size=&#8221;h4&#8243; text_weight=&#8221;400&#8243; text_height=&#8221;fontheight-357766&#8243; uncode_shortcode_id=&#8221;178027&#8243;]Contacte[\/vc_custom_heading][vc_separator sep_color=&#8221;color-uydo&#8221;][vc_custom_heading heading_semantic=&#8221;p&#8221; text_size=&#8221;h4&#8243; text_weight=&#8221;300&#8243; text_height=&#8221;fontheight-357766&#8243; text_space=&#8221;fontspace-781688&#8243; uncode_shortcode_id=&#8221;175484&#8243;]Si b\u00e9 els investigadors del nostre grup ens trobem a diferents localitzacions de les Illes Balears, la majoria dels integrants de GRAPP-caIB se situen a la Ger\u00e8ncia d&#8217;Atenci\u00f3 Prim\u00e0ria de Mallorca (Servei de Salut de les Illes Balears), formant a m\u00e9s part del Gabinet T\u00e8cnic de la mateixa.[\/vc_custom_heading][vc_empty_space empty_h=&#8221;1&#8243;][vc_custom_heading heading_semantic=&#8221;p&#8221; text_size=&#8221;h5&#8243; text_weight=&#8221;300&#8243; text_height=&#8221;fontheight-357766&#8243; text_space=&#8221;fontspace-781688&#8243; uncode_shortcode_id=&#8221;119777&#8243;]Ger\u00e8ncia d\u00b4Atenci\u00f3 Prim\u00e0ria de Mallorca (GAPM)[\/vc_custom_heading][vc_column_text uncode_shortcode_id=&#8221;133166&#8243;]Servicio de Salud de las Islas Baleares<br \/>\nC\/ de l&#8217;Escola Graduada, 3, 07002 Palma, Islas Baleares<\/p>\n<p>Tel. <strong>971 175 897<\/strong>[\/vc_column_text][vc_empty_space empty_h=&#8221;1&#8243;][vc_separator sep_color=&#8221;color-uydo&#8221;][vc_empty_space empty_h=&#8221;1&#8243;][vc_custom_heading heading_semantic=&#8221;p&#8221; text_size=&#8221;h5&#8243; text_weight=&#8221;300&#8243; text_height=&#8221;fontheight-357766&#8243; text_space=&#8221;fontspace-781688&#8243; uncode_shortcode_id=&#8221;140194&#8243;]Fundaci\u00f3 Institut d&#8217;Investigaci\u00f3 Sanit\u00e0ria Illes Balears[\/vc_custom_heading][vc_column_text uncode_shortcode_id=&#8221;129144&#8243;]Carretera de Valldemossa, 79<br \/>\nHospital Universitari Son Espases. Edifici S<br \/>\n07120 Palmell de Mallorca. Illes Balears. Espanya[\/vc_column_text][\/vc_column][\/vc_row][vc_row row_height_percent=&#8221;0&#8243; override_padding=&#8221;yes&#8221; h_padding=&#8221;2&#8243; top_padding=&#8221;3&#8243; bottom_padding=&#8221;3&#8243; back_color=&#8221;color-gyho&#8221; overlay_alpha=&#8221;50&#8243; gutter_size=&#8221;3&#8243; column_width_percent=&#8221;100&#8243; shift_y=&#8221;0&#8243; z_index=&#8221;0&#8243; uncode_shortcode_id=&#8221;108822&#8243; back_color_type=&#8221;uncode-palette&#8221; row_name=&#8221;herramientas&#8221;][vc_column column_width_percent=&#8221;100&#8243; position_vertical=&#8221;middle&#8221; gutter_size=&#8221;3&#8243; overlay_alpha=&#8221;50&#8243; shift_x=&#8221;0&#8243; shift_y=&#8221;0&#8243; shift_y_down=&#8221;0&#8243; z_index=&#8221;0&#8243; medium_width=&#8221;0&#8243; mobile_width=&#8221;0&#8243; width=&#8221;1\/1&#8243; uncode_shortcode_id=&#8221;560765&#8243; el_class=&#8221;customTab&#8221;][vc_separator sep_color=&#8221;color-uydo&#8221; uncode_shortcode_id=&#8221;789182&#8243; sep_color_type=&#8221;uncode-palette&#8221;][vc_empty_space empty_h=&#8221;1&#8243;][vc_raw_html]JTNDaWZyYW1lJTIwc3JjJTNEJTIyaHR0cHMlM0ElMkYlMkZ3d3cuZ29vZ2xlLmNvbSUyRm1hcHMlMkZlbWJlZCUzRnBiJTNEJTIxMW0xOCUyMTFtMTIlMjExbTMlMjExZDc2OC44ODA2MTc5MDExMDQxJTIxMmQyLjY1NTkwMzE2OTcwNjMyNzYlMjEzZDM5LjU3MDM3MzczMjAwNTE1JTIxMm0zJTIxMWYwJTIxMmYwJTIxM2YwJTIxM20yJTIxMWkxMDI0JTIxMmk3NjglMjE0ZjEzLjElMjEzbTMlMjExbTIlMjExczB4MTI5NzkyNTI4NDM4YWIyNSUyNTNBMHhjOWY2N2IzNjFjNTQ3OTFlJTIxMnNDYXJyZXIlMjUyMGRlJTI1MjBsJTI2JTIzMzklM0JFc2NvbGElMjUyMEdyYWR1YWRhJTI1MkMlMjUyMDMlMjUyQyUyNTIwQ2VudHJlJTI1MkMlMjUyMDA3MDAyJTI1MjBQYWxtYSUyNTJDJTI1MjBJbGxlcyUyNTIwQmFsZWFycyUyMTVlMCUyMTNtMiUyMTFzZXMlMjEyc2VzJTIxNHYxNzM2OTUzMDc4MTU2JTIxNW0yJTIxMXNlcyUyMTJzZXMlMjIlMjB3aWR0aCUzRCUyMjYwMCUyMiUyMGhlaWdodCUzRCUyMjQ1MCUyMiUyMHN0eWxlJTNEJTIyYm9yZGVyJTNBMCUzQiUyMGhlaWdodCUzQTQ1MHB4JTIyJTIwYWxsb3dmdWxsc2NyZWVuJTNEJTIyJTIyJTIwbG9hZGluZyUzRCUyMmxhenklMjIlMjByZWZlcnJlcnBvbGljeSUzRCUyMm5vLXJlZmVycmVyLXdoZW4tZG93bmdyYWRlJTIyJTNFJTNDJTJGaWZyYW1lJTNF[\/vc_raw_html][\/vc_column][\/vc_row]<\/p>\n","protected":false},"excerpt":{"rendered":"<p>[vc_row row_height_percent=&#8221;0&#8243; override_padding=&#8221;yes&#8221; h_padding=&#8221;2&#8243; top_padding=&#8221;3&#8243; bottom_padding=&#8221;2&#8243; back_color=&#8221;color-wayh&#8221; overlay_alpha=&#8221;50&#8243; gutter_size=&#8221;3&#8243; column_width_percent=&#8221;100&#8243; shift_y=&#8221;0&#8243; z_index=&#8221;0&#8243; front_end_with_slider=&#8221;true&#8221; uncode_shortcode_id=&#8221;107193&#8243; back_color_type=&#8221;uncode-palette&#8221;][vc_column column_width_percent=&#8221;100&#8243; position_vertical=&#8221;bottom&#8221; gutter_size=&#8221;3&#8243; style=&#8221;dark&#8221; overlay_alpha=&#8221;50&#8243; [&hellip;]<\/p>\n","protected":false},"author":1,"featured_media":0,"parent":0,"menu_order":0,"comment_status":"closed","ping_status":"closed","template":"","meta":{"footnotes":""},"class_list":["post-103397","page","type-page","status-publish","hentry"],"yoast_head":"<!-- This site is optimized with the Yoast SEO plugin v26.2 - https:\/\/yoast.com\/wordpress\/plugins\/seo\/ -->\n<title>Contacte - GRAPP CAIB<\/title>\n<meta name=\"description\" content=\"Contacte - GRAPP CAIB\" \/>\n<meta name=\"robots\" content=\"index, follow, max-snippet:-1, max-image-preview:large, max-video-preview:-1\" \/>\n<link rel=\"canonical\" href=\"https:\/\/grappcaib.es\/ca\/contacte\/\" \/>\n<meta property=\"og:locale\" content=\"ca_ES\" \/>\n<meta property=\"og:type\" content=\"article\" \/>\n<meta property=\"og:title\" content=\"Contacte - GRAPP CAIB\" \/>\n<meta property=\"og:description\" content=\"Contacte - GRAPP CAIB\" \/>\n<meta property=\"og:url\" content=\"https:\/\/grappcaib.es\/ca\/contacte\/\" \/>\n<meta property=\"og:site_name\" content=\"GRAPP CAIB\" \/>\n<meta property=\"article:modified_time\" content=\"2025-01-15T14:59:40+00:00\" \/>\n<meta name=\"twitter:card\" content=\"summary_large_image\" \/>\n<meta name=\"twitter:label1\" content=\"Temps estimat de lectura\" \/>\n\t<meta name=\"twitter:data1\" content=\"2 minuts\" \/>\n<script type=\"application\/ld+json\" class=\"yoast-schema-graph\">{\"@context\":\"https:\/\/schema.org\",\"@graph\":[{\"@type\":\"WebPage\",\"@id\":\"https:\/\/grappcaib.es\/ca\/contacte\/\",\"url\":\"https:\/\/grappcaib.es\/ca\/contacte\/\",\"name\":\"Contacte - GRAPP CAIB\",\"isPartOf\":{\"@id\":\"https:\/\/grappcaib.es\/ca\/#website\"},\"datePublished\":\"2021-12-26T10:38:26+00:00\",\"dateModified\":\"2025-01-15T14:59:40+00:00\",\"description\":\"Contacte - GRAPP CAIB\",\"breadcrumb\":{\"@id\":\"https:\/\/grappcaib.es\/ca\/contacte\/#breadcrumb\"},\"inLanguage\":\"ca\",\"potentialAction\":[{\"@type\":\"ReadAction\",\"target\":[\"https:\/\/grappcaib.es\/ca\/contacte\/\"]}]},{\"@type\":\"BreadcrumbList\",\"@id\":\"https:\/\/grappcaib.es\/ca\/contacte\/#breadcrumb\",\"itemListElement\":[{\"@type\":\"ListItem\",\"position\":1,\"name\":\"Portada\",\"item\":\"https:\/\/grappcaib.es\/ca\/\"},{\"@type\":\"ListItem\",\"position\":2,\"name\":\"Contacte\"}]},{\"@type\":\"WebSite\",\"@id\":\"https:\/\/grappcaib.es\/ca\/#website\",\"url\":\"https:\/\/grappcaib.es\/ca\/\",\"name\":\"GRAPP CAIB\",\"description\":\"GRAPP CAIB\",\"potentialAction\":[{\"@type\":\"SearchAction\",\"target\":{\"@type\":\"EntryPoint\",\"urlTemplate\":\"https:\/\/grappcaib.es\/ca\/?s={search_term_string}\"},\"query-input\":{\"@type\":\"PropertyValueSpecification\",\"valueRequired\":true,\"valueName\":\"search_term_string\"}}],\"inLanguage\":\"ca\"}]}<\/script>\n<!-- \/ Yoast SEO plugin. -->","yoast_head_json":{"title":"Contacte - GRAPP CAIB","description":"Contacte - GRAPP CAIB","robots":{"index":"index","follow":"follow","max-snippet":"max-snippet:-1","max-image-preview":"max-image-preview:large","max-video-preview":"max-video-preview:-1"},"canonical":"https:\/\/grappcaib.es\/ca\/contacte\/","og_locale":"ca_ES","og_type":"article","og_title":"Contacte - GRAPP CAIB","og_description":"Contacte - GRAPP CAIB","og_url":"https:\/\/grappcaib.es\/ca\/contacte\/","og_site_name":"GRAPP CAIB","article_modified_time":"2025-01-15T14:59:40+00:00","twitter_card":"summary_large_image","twitter_misc":{"Temps estimat de lectura":"2 minuts"},"schema":{"@context":"https:\/\/schema.org","@graph":[{"@type":"WebPage","@id":"https:\/\/grappcaib.es\/ca\/contacte\/","url":"https:\/\/grappcaib.es\/ca\/contacte\/","name":"Contacte - GRAPP CAIB","isPartOf":{"@id":"https:\/\/grappcaib.es\/ca\/#website"},"datePublished":"2021-12-26T10:38:26+00:00","dateModified":"2025-01-15T14:59:40+00:00","description":"Contacte - GRAPP CAIB","breadcrumb":{"@id":"https:\/\/grappcaib.es\/ca\/contacte\/#breadcrumb"},"inLanguage":"ca","potentialAction":[{"@type":"ReadAction","target":["https:\/\/grappcaib.es\/ca\/contacte\/"]}]},{"@type":"BreadcrumbList","@id":"https:\/\/grappcaib.es\/ca\/contacte\/#breadcrumb","itemListElement":[{"@type":"ListItem","position":1,"name":"Portada","item":"https:\/\/grappcaib.es\/ca\/"},{"@type":"ListItem","position":2,"name":"Contacte"}]},{"@type":"WebSite","@id":"https:\/\/grappcaib.es\/ca\/#website","url":"https:\/\/grappcaib.es\/ca\/","name":"GRAPP CAIB","description":"GRAPP CAIB","potentialAction":[{"@type":"SearchAction","target":{"@type":"EntryPoint","urlTemplate":"https:\/\/grappcaib.es\/ca\/?s={search_term_string}"},"query-input":{"@type":"PropertyValueSpecification","valueRequired":true,"valueName":"search_term_string"}}],"inLanguage":"ca"}]}},"_hostinger_reach_plugin_has_subscription_block":false,"_hostinger_reach_plugin_is_elementor":false,"_links":{"self":[{"href":"https:\/\/grappcaib.es\/ca\/wp-json\/wp\/v2\/pages\/103397","targetHints":{"allow":["GET"]}}],"collection":[{"href":"https:\/\/grappcaib.es\/ca\/wp-json\/wp\/v2\/pages"}],"about":[{"href":"https:\/\/grappcaib.es\/ca\/wp-json\/wp\/v2\/types\/page"}],"author":[{"embeddable":true,"href":"https:\/\/grappcaib.es\/ca\/wp-json\/wp\/v2\/users\/1"}],"replies":[{"embeddable":true,"href":"https:\/\/grappcaib.es\/ca\/wp-json\/wp\/v2\/comments?post=103397"}],"version-history":[{"count":5,"href":"https:\/\/grappcaib.es\/ca\/wp-json\/wp\/v2\/pages\/103397\/revisions"}],"predecessor-version":[{"id":103646,"href":"https:\/\/grappcaib.es\/ca\/wp-json\/wp\/v2\/pages\/103397\/revisions\/103646"}],"wp:attachment":[{"href":"https:\/\/grappcaib.es\/ca\/wp-json\/wp\/v2\/media?parent=103397"}],"curies":[{"name":"wp","href":"https:\/\/api.w.org\/{rel}","templated":true}]}}